{"id":298,"date":"2024-07-15T20:39:44","date_gmt":"2024-07-15T18:39:44","guid":{"rendered":"https:\/\/serwer2044683.home.pl\/autoinstalator\/wordpressplugins3\/?page_id=298"},"modified":"2024-07-23T19:32:53","modified_gmt":"2024-07-23T17:32:53","slug":"sprzet","status":"publish","type":"page","link":"https:\/\/e-dk.eu\/?page_id=298","title":{"rendered":"SPRZ\u0118T"},"content":{"rendered":"\t\t<div data-elementor-type=\"wp-page\" data-elementor-id=\"298\" class=\"elementor elementor-298\">\n\t\t\t\t<div class=\"elementor-element elementor-element-15d4bd7 e-flex e-con-boxed e-con e-parent\" data-id=\"15d4bd7\" data-element_type=\"container\" data-e-type=\"container\">\n\t\t\t\t\t<div class=\"e-con-inner\">\n\t\t\t\t<div class=\"elementor-element elementor-element-7878870 elementor-widget elementor-widget-text-editor\" data-id=\"7878870\" data-element_type=\"widget\" data-e-type=\"widget\" data-widget_type=\"text-editor.default\">\n\t\t\t\t<div class=\"elementor-widget-container\">\n\t\t\t\t\t\t\t\t\t<p>Przepraszamy. Obecnie trwaj\u0105 prace serwisowe na stronie. Prosz\u0119 odwiedzi\u0107 t\u0105 zak\u0142\u0105dk\u0119 p\u00f3\u017aniej.\u00a0<\/p>\t\t\t\t\t\t\t\t<\/div>\n\t\t\t\t<\/div>\n\t\t\t\t\t<\/div>\n\t\t\t\t<\/div>\n\t\t\t\t<\/div>\n\t\t","protected":false},"excerpt":{"rendered":"<p>Przepraszamy. Obecnie trwaj\u0105 prace serwisowe na stronie. Prosz\u0119 odwiedzi\u0107 t\u0105 zak\u0142\u0105dk\u0119 p\u00f3\u017aniej.\u00a0<\/p>\n","protected":false},"author":1,"featured_media":0,"parent":0,"menu_order":0,"comment_status":"closed","ping_status":"closed","template":"page-templates\/template-pagebuilder-full-width.php","meta":{"neve_meta_sidebar":"","neve_meta_container":"","neve_meta_enable_content_width":"","neve_meta_content_width":0,"neve_meta_title_alignment":"","neve_meta_author_avatar":"","neve_post_elements_order":"","neve_meta_disable_header":"","neve_meta_disable_footer":"","neve_meta_disable_title":"","_themeisle_gutenberg_block_has_review":false,"footnotes":""},"class_list":["post-298","page","type-page","status-publish","hentry"],"yoast_head":"<!-- This site is optimized with the Yoast SEO plugin v27.0 - https:\/\/yoast.com\/product\/yoast-seo-wordpress\/ -->\n<title>SPRZ\u0118T - E-DK Daniel Ko\u0142odziejczak<\/title>\n<meta name=\"robots\" content=\"index, follow, max-snippet:-1, max-image-preview:large, max-video-preview:-1\" \/>\n<link rel=\"canonical\" href=\"https:\/\/e-dk.eu\/?page_id=298\" \/>\n<meta property=\"og:locale\" content=\"pl_PL\" \/>\n<meta property=\"og:type\" content=\"article\" \/>\n<meta property=\"og:title\" content=\"SPRZ\u0118T - E-DK Daniel Ko\u0142odziejczak\" \/>\n<meta property=\"og:description\" content=\"Przepraszamy. Obecnie trwaj\u0105 prace serwisowe na stronie. Prosz\u0119 odwiedzi\u0107 t\u0105 zak\u0142\u0105dk\u0119 p\u00f3\u017aniej.\u00a0\" \/>\n<meta property=\"og:url\" content=\"https:\/\/e-dk.eu\/?page_id=298\" \/>\n<meta property=\"og:site_name\" content=\"E-DK Daniel Ko\u0142odziejczak\" \/>\n<meta property=\"article:publisher\" content=\"https:\/\/www.facebook.com\/Dobryelektryknet\" \/>\n<meta property=\"article:modified_time\" content=\"2024-07-23T17:32:53+00:00\" \/>\n<meta name=\"twitter:card\" content=\"summary_large_image\" \/>\n<meta name=\"twitter:label1\" content=\"Szacowany czas czytania\" \/>\n\t<meta name=\"twitter:data1\" content=\"1 minuta\" \/>\n<script type=\"application\/ld+json\" class=\"yoast-schema-graph\">{\"@context\":\"https:\/\/schema.org\",\"@graph\":[{\"@type\":\"WebPage\",\"@id\":\"https:\/\/e-dk.eu\/?page_id=298\",\"url\":\"https:\/\/e-dk.eu\/?page_id=298\",\"name\":\"SPRZ\u0118T - E-DK Daniel Ko\u0142odziejczak\",\"isPartOf\":{\"@id\":\"https:\/\/e-dk.eu\/#website\"},\"datePublished\":\"2024-07-15T18:39:44+00:00\",\"dateModified\":\"2024-07-23T17:32:53+00:00\",\"breadcrumb\":{\"@id\":\"https:\/\/e-dk.eu\/?page_id=298#breadcrumb\"},\"inLanguage\":\"pl-PL\",\"potentialAction\":[{\"@type\":\"ReadAction\",\"target\":[\"https:\/\/e-dk.eu\/?page_id=298\"]}]},{\"@type\":\"BreadcrumbList\",\"@id\":\"https:\/\/e-dk.eu\/?page_id=298#breadcrumb\",\"itemListElement\":[{\"@type\":\"ListItem\",\"position\":1,\"name\":\"Home\",\"item\":\"https:\/\/e-dk.eu\/\"},{\"@type\":\"ListItem\",\"position\":2,\"name\":\"SPRZ\u0118T\"}]},{\"@type\":\"WebSite\",\"@id\":\"https:\/\/e-dk.eu\/#website\",\"url\":\"https:\/\/e-dk.eu\/\",\"name\":\"E-DK Daniel Ko\u0142odziejczak\",\"description\":\"\",\"publisher\":{\"@id\":\"https:\/\/e-dk.eu\/#organization\"},\"potentialAction\":[{\"@type\":\"SearchAction\",\"target\":{\"@type\":\"EntryPoint\",\"urlTemplate\":\"https:\/\/e-dk.eu\/?s={search_term_string}\"},\"query-input\":{\"@type\":\"PropertyValueSpecification\",\"valueRequired\":true,\"valueName\":\"search_term_string\"}}],\"inLanguage\":\"pl-PL\"},{\"@type\":\"Organization\",\"@id\":\"https:\/\/e-dk.eu\/#organization\",\"name\":\"E-DK Daniel Ko\u0142odziejczak\",\"url\":\"https:\/\/e-dk.eu\/\",\"logo\":{\"@type\":\"ImageObject\",\"inLanguage\":\"pl-PL\",\"@id\":\"https:\/\/e-dk.eu\/#\/schema\/logo\/image\/\",\"url\":\"https:\/\/e-dk.eu\/wp-content\/uploads\/2024\/07\/LOGO-E-DK.svg\",\"contentUrl\":\"https:\/\/e-dk.eu\/wp-content\/uploads\/2024\/07\/LOGO-E-DK.svg\",\"width\":210,\"height\":50,\"caption\":\"E-DK Daniel Ko\u0142odziejczak\"},\"image\":{\"@id\":\"https:\/\/e-dk.eu\/#\/schema\/logo\/image\/\"},\"sameAs\":[\"https:\/\/www.facebook.com\/Dobryelektryknet\"]}]}<\/script>\n<!-- \/ Yoast SEO plugin. -->","yoast_head_json":{"title":"SPRZ\u0118T - E-DK Daniel Ko\u0142odziejczak","robots":{"index":"index","follow":"follow","max-snippet":"max-snippet:-1","max-image-preview":"max-image-preview:large","max-video-preview":"max-video-preview:-1"},"canonical":"https:\/\/e-dk.eu\/?page_id=298","og_locale":"pl_PL","og_type":"article","og_title":"SPRZ\u0118T - E-DK Daniel Ko\u0142odziejczak","og_description":"Przepraszamy. Obecnie trwaj\u0105 prace serwisowe na stronie. Prosz\u0119 odwiedzi\u0107 t\u0105 zak\u0142\u0105dk\u0119 p\u00f3\u017aniej.\u00a0","og_url":"https:\/\/e-dk.eu\/?page_id=298","og_site_name":"E-DK Daniel Ko\u0142odziejczak","article_publisher":"https:\/\/www.facebook.com\/Dobryelektryknet","article_modified_time":"2024-07-23T17:32:53+00:00","twitter_card":"summary_large_image","twitter_misc":{"Szacowany czas czytania":"1 minuta"},"schema":{"@context":"https:\/\/schema.org","@graph":[{"@type":"WebPage","@id":"https:\/\/e-dk.eu\/?page_id=298","url":"https:\/\/e-dk.eu\/?page_id=298","name":"SPRZ\u0118T - E-DK Daniel Ko\u0142odziejczak","isPartOf":{"@id":"https:\/\/e-dk.eu\/#website"},"datePublished":"2024-07-15T18:39:44+00:00","dateModified":"2024-07-23T17:32:53+00:00","breadcrumb":{"@id":"https:\/\/e-dk.eu\/?page_id=298#breadcrumb"},"inLanguage":"pl-PL","potentialAction":[{"@type":"ReadAction","target":["https:\/\/e-dk.eu\/?page_id=298"]}]},{"@type":"BreadcrumbList","@id":"https:\/\/e-dk.eu\/?page_id=298#breadcrumb","itemListElement":[{"@type":"ListItem","position":1,"name":"Home","item":"https:\/\/e-dk.eu\/"},{"@type":"ListItem","position":2,"name":"SPRZ\u0118T"}]},{"@type":"WebSite","@id":"https:\/\/e-dk.eu\/#website","url":"https:\/\/e-dk.eu\/","name":"E-DK Daniel Ko\u0142odziejczak","description":"","publisher":{"@id":"https:\/\/e-dk.eu\/#organization"},"potentialAction":[{"@type":"SearchAction","target":{"@type":"EntryPoint","urlTemplate":"https:\/\/e-dk.eu\/?s={search_term_string}"},"query-input":{"@type":"PropertyValueSpecification","valueRequired":true,"valueName":"search_term_string"}}],"inLanguage":"pl-PL"},{"@type":"Organization","@id":"https:\/\/e-dk.eu\/#organization","name":"E-DK Daniel Ko\u0142odziejczak","url":"https:\/\/e-dk.eu\/","logo":{"@type":"ImageObject","inLanguage":"pl-PL","@id":"https:\/\/e-dk.eu\/#\/schema\/logo\/image\/","url":"https:\/\/e-dk.eu\/wp-content\/uploads\/2024\/07\/LOGO-E-DK.svg","contentUrl":"https:\/\/e-dk.eu\/wp-content\/uploads\/2024\/07\/LOGO-E-DK.svg","width":210,"height":50,"caption":"E-DK Daniel Ko\u0142odziejczak"},"image":{"@id":"https:\/\/e-dk.eu\/#\/schema\/logo\/image\/"},"sameAs":["https:\/\/www.facebook.com\/Dobryelektryknet"]}]}},"_links":{"self":[{"href":"https:\/\/e-dk.eu\/index.php?rest_route=\/wp\/v2\/pages\/298","targetHints":{"allow":["GET"]}}],"collection":[{"href":"https:\/\/e-dk.eu\/index.php?rest_route=\/wp\/v2\/pages"}],"about":[{"href":"https:\/\/e-dk.eu\/index.php?rest_route=\/wp\/v2\/types\/page"}],"author":[{"embeddable":true,"href":"https:\/\/e-dk.eu\/index.php?rest_route=\/wp\/v2\/users\/1"}],"replies":[{"embeddable":true,"href":"https:\/\/e-dk.eu\/index.php?rest_route=%2Fwp%2Fv2%2Fcomments&post=298"}],"version-history":[{"count":4,"href":"https:\/\/e-dk.eu\/index.php?rest_route=\/wp\/v2\/pages\/298\/revisions"}],"predecessor-version":[{"id":2800,"href":"https:\/\/e-dk.eu\/index.php?rest_route=\/wp\/v2\/pages\/298\/revisions\/2800"}],"wp:attachment":[{"href":"https:\/\/e-dk.eu\/index.php?rest_route=%2Fwp%2Fv2%2Fmedia&parent=298"}],"curies":[{"name":"wp","href":"https:\/\/api.w.org\/{rel}","templated":true}]}}