{"id":86,"date":"2020-03-23T11:30:41","date_gmt":"2020-03-23T11:30:41","guid":{"rendered":"https:\/\/demosites.io\/rokophoto-gb\/?page_id=86"},"modified":"2025-01-13T21:53:14","modified_gmt":"2025-01-13T20:53:14","slug":"98ee9-home","status":"publish","type":"page","link":"https:\/\/e-dk.eu\/","title":{"rendered":"Home"},"content":{"rendered":"\t\t<div data-elementor-type=\"wp-page\" data-elementor-id=\"86\" class=\"elementor elementor-86\">\n\t\t\t\t<div class=\"elementor-element elementor-element-d678f44 e-con-full e-flex elementor-invisible e-con e-parent\" data-id=\"d678f44\" data-element_type=\"container\" data-e-type=\"container\" data-settings=\"{&quot;animation&quot;:&quot;fadeInDown&quot;}\">\n\t\t\t\t<div class=\"elementor-element elementor-element-8f541d3 elementor-align-center e-transform elementor-widget elementor-widget-button\" data-id=\"8f541d3\" data-element_type=\"widget\" data-e-type=\"widget\" data-settings=\"{&quot;_transform_scale_effect&quot;:{&quot;unit&quot;:&quot;px&quot;,&quot;size&quot;:1.6,&quot;sizes&quot;:[]},&quot;_transform_scale_effect_tablet&quot;:{&quot;unit&quot;:&quot;px&quot;,&quot;size&quot;:&quot;&quot;,&quot;sizes&quot;:[]},&quot;_transform_scale_effect_mobile&quot;:{&quot;unit&quot;:&quot;px&quot;,&quot;size&quot;:&quot;&quot;,&quot;sizes&quot;:[]}}\" data-widget_type=\"button.default\">\n\t\t\t\t<div class=\"elementor-widget-container\">\n\t\t\t\t\t\t\t\t\t<div class=\"elementor-button-wrapper\">\n\t\t\t\t\t<a class=\"elementor-button elementor-button-link elementor-size-sm\" href=\"https:\/\/e-dk.eu\/?page_id=294\">\n\t\t\t\t\t\t<span class=\"elementor-button-content-wrapper\">\n\t\t\t\t\t\t\t\t\t<span class=\"elementor-button-text\">OBEJRZYJ NASZE REALIZACJE<\/span>\n\t\t\t\t\t<\/span>\n\t\t\t\t\t<\/a>\n\t\t\t\t<\/div>\n\t\t\t\t\t\t\t\t<\/div>\n\t\t\t\t<\/div>\n\t\t\t\t<\/div>\n\t\t<div class=\"elementor-element elementor-element-9716a70 e-flex e-con-boxed e-con e-parent\" data-id=\"9716a70\" data-element_type=\"container\" data-e-type=\"container\" data-settings=\"{&quot;animation&quot;:&quot;none&quot;}\">\n\t\t\t\t\t<div class=\"e-con-inner\">\n\t\t\t\t<div class=\"elementor-element elementor-element-fc68969 elementor-widget elementor-widget-spacer\" data-id=\"fc68969\" data-element_type=\"widget\" data-e-type=\"widget\" data-widget_type=\"spacer.default\">\n\t\t\t\t<div class=\"elementor-widget-container\">\n\t\t\t\t\t\t\t<div class=\"elementor-spacer\">\n\t\t\t<div class=\"elementor-spacer-inner\"><\/div>\n\t\t<\/div>\n\t\t\t\t\t\t<\/div>\n\t\t\t\t<\/div>\n\t\t\t\t\t<\/div>\n\t\t\t\t<\/div>\n\t\t<div class=\"elementor-element elementor-element-ef3611c e-flex e-con-boxed e-con e-parent\" data-id=\"ef3611c\" data-element_type=\"container\" data-e-type=\"container\">\n\t\t\t\t\t<div class=\"e-con-inner\">\n\t\t<div class=\"elementor-element elementor-element-1d7ead9 e-con-full e-flex e-con e-child\" data-id=\"1d7ead9\" data-element_type=\"container\" data-e-type=\"container\">\n\t\t<div class=\"elementor-element elementor-element-2c24689 e-con-full e-flex e-con e-child\" data-id=\"2c24689\" data-element_type=\"container\" data-e-type=\"container\">\n\t\t\t\t<div class=\"elementor-element elementor-element-dbf179c elementor-widget__width-initial elementor-widget elementor-widget-text-editor\" data-id=\"dbf179c\" data-element_type=\"widget\" data-e-type=\"widget\" data-widget_type=\"text-editor.default\">\n\t\t\t\t<div class=\"elementor-widget-container\">\n\t\t\t\t\t\t\t\t\t<p><b><span style=\"color: red;\">Firm\u0119 E-DK Elektros<\/span><\/b> tworz\u0105 ludzie z pasj\u0105, zaanga\u017cowaniem i ogromnym do\u015bwiadczeniem dzi\u0119ki czemu jeste\u015bmy w stanie podj\u0105\u0107 si\u0119 najtrudniejszych wyzwa\u0144 zar\u00f3wno Alokacyjnych jak r\u00f3wnie\u017c relokacji mi\u0119dzynarodowych \u0142\u0105cznie z transportem morskim.<\/p><p><b>Nasza firma nie ogranicza si\u0119 jedynie do samych przenosin maszyn z punktu A do punktu B oferujemy kompleksowe us\u0142ugi demonta\u017cu organizacji transportu a\u017c po monta\u017c z uruchomieniem na miejscu.<\/b><\/p>\t\t\t\t\t\t\t\t<\/div>\n\t\t\t\t<\/div>\n\t\t\t\t<\/div>\n\t\t\t\t<\/div>\n\t\t<div class=\"elementor-element elementor-element-3d5c299 e-con-full e-flex e-con e-child\" data-id=\"3d5c299\" data-element_type=\"container\" data-e-type=\"container\">\n\t\t\t\t<div class=\"elementor-element elementor-element-e765010 elementor-widget elementor-widget-video\" data-id=\"e765010\" data-element_type=\"widget\" data-e-type=\"widget\" data-settings=\"{&quot;youtube_url&quot;:&quot;https:\\\/\\\/youtu.be\\\/dUepBwM4pZg&quot;,&quot;video_type&quot;:&quot;youtube&quot;,&quot;controls&quot;:&quot;yes&quot;}\" data-widget_type=\"video.default\">\n\t\t\t\t<div class=\"elementor-widget-container\">\n\t\t\t\t\t\t\t<div class=\"elementor-wrapper elementor-open-inline\">\n\t\t\t<div class=\"elementor-video\"><\/div>\t\t<\/div>\n\t\t\t\t\t\t<\/div>\n\t\t\t\t<\/div>\n\t\t\t\t<\/div>\n\t\t\t\t\t<\/div>\n\t\t\t\t<\/div>\n\t\t\t\t<\/div>\n\t\t","protected":false},"excerpt":{"rendered":"<p>OBEJRZYJ NASZE REALIZACJE Firm\u0119 E-DK Elektros tworz\u0105 ludzie z pasj\u0105, zaanga\u017cowaniem i ogromnym do\u015bwiadczeniem dzi\u0119ki czemu jeste\u015bmy w stanie podj\u0105\u0107 si\u0119 najtrudniejszych wyzwa\u0144 zar\u00f3wno Alokacyjnych jak r\u00f3wnie\u017c relokacji mi\u0119dzynarodowych \u0142\u0105cznie z transportem morskim. Nasza firma nie ogranicza si\u0119 jedynie do samych przenosin maszyn z punktu A do punktu B oferujemy kompleksowe us\u0142ugi demonta\u017cu organizacji transportu&hellip;&nbsp;<a href=\"https:\/\/e-dk.eu\/\" rel=\"bookmark\">Dowiedz si\u0119 wi\u0119cej &raquo;<span class=\"screen-reader-text\">Home<\/span><\/a><\/p>\n","protected":false},"author":1,"featured_media":0,"parent":0,"menu_order":0,"comment_status":"closed","ping_status":"closed","template":"page-templates\/template-pagebuilder-full-width.php","meta":{"neve_meta_sidebar":"full-width","neve_meta_container":"","neve_meta_enable_content_width":"on","neve_meta_content_width":100,"neve_meta_title_alignment":"","neve_meta_author_avatar":"","neve_post_elements_order":"","neve_meta_disable_header":"","neve_meta_disable_footer":"","neve_meta_disable_title":"","_themeisle_gutenberg_block_has_review":false,"footnotes":""},"class_list":["post-86","page","type-page","status-publish","hentry"],"yoast_head":"<!-- This site is optimized with the Yoast SEO plugin v27.0 - https:\/\/yoast.com\/product\/yoast-seo-wordpress\/ -->\n<title>Home - E-DK Daniel Ko\u0142odziejczak<\/title>\n<meta name=\"robots\" content=\"index, follow, max-snippet:-1, max-image-preview:large, max-video-preview:-1\" \/>\n<link rel=\"canonical\" href=\"https:\/\/e-dk.eu\/\" \/>\n<meta property=\"og:locale\" content=\"pl_PL\" \/>\n<meta property=\"og:type\" content=\"article\" \/>\n<meta property=\"og:title\" content=\"Home - E-DK Daniel Ko\u0142odziejczak\" \/>\n<meta property=\"og:description\" content=\"OBEJRZYJ NASZE REALIZACJE Firm\u0119 E-DK Elektros tworz\u0105 ludzie z pasj\u0105, zaanga\u017cowaniem i ogromnym do\u015bwiadczeniem dzi\u0119ki czemu jeste\u015bmy w stanie podj\u0105\u0107 si\u0119 najtrudniejszych wyzwa\u0144 zar\u00f3wno Alokacyjnych jak r\u00f3wnie\u017c relokacji mi\u0119dzynarodowych \u0142\u0105cznie z transportem morskim. Nasza firma nie ogranicza si\u0119 jedynie do samych przenosin maszyn z punktu A do punktu B oferujemy kompleksowe us\u0142ugi demonta\u017cu organizacji transportu&hellip;&nbsp;Dowiedz si\u0119 wi\u0119cej &raquo;Home\" \/>\n<meta property=\"og:url\" content=\"https:\/\/e-dk.eu\/\" \/>\n<meta property=\"og:site_name\" content=\"E-DK Daniel Ko\u0142odziejczak\" \/>\n<meta property=\"article:publisher\" content=\"https:\/\/www.facebook.com\/Dobryelektryknet\" \/>\n<meta property=\"article:modified_time\" content=\"2025-01-13T20:53:14+00:00\" \/>\n<meta name=\"twitter:card\" content=\"summary_large_image\" \/>\n<meta name=\"twitter:label1\" content=\"Szacowany czas czytania\" \/>\n\t<meta name=\"twitter:data1\" content=\"1 minuta\" \/>\n<script type=\"application\/ld+json\" class=\"yoast-schema-graph\">{\"@context\":\"https:\/\/schema.org\",\"@graph\":[{\"@type\":\"WebPage\",\"@id\":\"https:\/\/e-dk.eu\/\",\"url\":\"https:\/\/e-dk.eu\/\",\"name\":\"Home - E-DK Daniel Ko\u0142odziejczak\",\"isPartOf\":{\"@id\":\"https:\/\/e-dk.eu\/#website\"},\"datePublished\":\"2020-03-23T11:30:41+00:00\",\"dateModified\":\"2025-01-13T20:53:14+00:00\",\"breadcrumb\":{\"@id\":\"https:\/\/e-dk.eu\/#breadcrumb\"},\"inLanguage\":\"pl-PL\",\"potentialAction\":[{\"@type\":\"ReadAction\",\"target\":[\"https:\/\/e-dk.eu\/\"]}]},{\"@type\":\"BreadcrumbList\",\"@id\":\"https:\/\/e-dk.eu\/#breadcrumb\",\"itemListElement\":[{\"@type\":\"ListItem\",\"position\":1,\"name\":\"Home\",\"item\":\"https:\/\/e-dk.eu\/\"},{\"@type\":\"ListItem\",\"position\":2,\"name\":\"Home\"}]},{\"@type\":\"WebSite\",\"@id\":\"https:\/\/e-dk.eu\/#website\",\"url\":\"https:\/\/e-dk.eu\/\",\"name\":\"E-DK Daniel Ko\u0142odziejczak\",\"description\":\"\",\"publisher\":{\"@id\":\"https:\/\/e-dk.eu\/#organization\"},\"potentialAction\":[{\"@type\":\"SearchAction\",\"target\":{\"@type\":\"EntryPoint\",\"urlTemplate\":\"https:\/\/e-dk.eu\/?s={search_term_string}\"},\"query-input\":{\"@type\":\"PropertyValueSpecification\",\"valueRequired\":true,\"valueName\":\"search_term_string\"}}],\"inLanguage\":\"pl-PL\"},{\"@type\":\"Organization\",\"@id\":\"https:\/\/e-dk.eu\/#organization\",\"name\":\"E-DK Daniel Ko\u0142odziejczak\",\"url\":\"https:\/\/e-dk.eu\/\",\"logo\":{\"@type\":\"ImageObject\",\"inLanguage\":\"pl-PL\",\"@id\":\"https:\/\/e-dk.eu\/#\/schema\/logo\/image\/\",\"url\":\"https:\/\/e-dk.eu\/wp-content\/uploads\/2024\/07\/LOGO-E-DK.svg\",\"contentUrl\":\"https:\/\/e-dk.eu\/wp-content\/uploads\/2024\/07\/LOGO-E-DK.svg\",\"width\":210,\"height\":50,\"caption\":\"E-DK Daniel Ko\u0142odziejczak\"},\"image\":{\"@id\":\"https:\/\/e-dk.eu\/#\/schema\/logo\/image\/\"},\"sameAs\":[\"https:\/\/www.facebook.com\/Dobryelektryknet\"]}]}<\/script>\n<!-- \/ Yoast SEO plugin. -->","yoast_head_json":{"title":"Home - E-DK Daniel Ko\u0142odziejczak","robots":{"index":"index","follow":"follow","max-snippet":"max-snippet:-1","max-image-preview":"max-image-preview:large","max-video-preview":"max-video-preview:-1"},"canonical":"https:\/\/e-dk.eu\/","og_locale":"pl_PL","og_type":"article","og_title":"Home - E-DK Daniel Ko\u0142odziejczak","og_description":"OBEJRZYJ NASZE REALIZACJE Firm\u0119 E-DK Elektros tworz\u0105 ludzie z pasj\u0105, zaanga\u017cowaniem i ogromnym do\u015bwiadczeniem dzi\u0119ki czemu jeste\u015bmy w stanie podj\u0105\u0107 si\u0119 najtrudniejszych wyzwa\u0144 zar\u00f3wno Alokacyjnych jak r\u00f3wnie\u017c relokacji mi\u0119dzynarodowych \u0142\u0105cznie z transportem morskim. Nasza firma nie ogranicza si\u0119 jedynie do samych przenosin maszyn z punktu A do punktu B oferujemy kompleksowe us\u0142ugi demonta\u017cu organizacji transportu&hellip;&nbsp;Dowiedz si\u0119 wi\u0119cej &raquo;Home","og_url":"https:\/\/e-dk.eu\/","og_site_name":"E-DK Daniel Ko\u0142odziejczak","article_publisher":"https:\/\/www.facebook.com\/Dobryelektryknet","article_modified_time":"2025-01-13T20:53:14+00:00","twitter_card":"summary_large_image","twitter_misc":{"Szacowany czas czytania":"1 minuta"},"schema":{"@context":"https:\/\/schema.org","@graph":[{"@type":"WebPage","@id":"https:\/\/e-dk.eu\/","url":"https:\/\/e-dk.eu\/","name":"Home - E-DK Daniel Ko\u0142odziejczak","isPartOf":{"@id":"https:\/\/e-dk.eu\/#website"},"datePublished":"2020-03-23T11:30:41+00:00","dateModified":"2025-01-13T20:53:14+00:00","breadcrumb":{"@id":"https:\/\/e-dk.eu\/#breadcrumb"},"inLanguage":"pl-PL","potentialAction":[{"@type":"ReadAction","target":["https:\/\/e-dk.eu\/"]}]},{"@type":"BreadcrumbList","@id":"https:\/\/e-dk.eu\/#breadcrumb","itemListElement":[{"@type":"ListItem","position":1,"name":"Home","item":"https:\/\/e-dk.eu\/"},{"@type":"ListItem","position":2,"name":"Home"}]},{"@type":"WebSite","@id":"https:\/\/e-dk.eu\/#website","url":"https:\/\/e-dk.eu\/","name":"E-DK Daniel Ko\u0142odziejczak","description":"","publisher":{"@id":"https:\/\/e-dk.eu\/#organization"},"potentialAction":[{"@type":"SearchAction","target":{"@type":"EntryPoint","urlTemplate":"https:\/\/e-dk.eu\/?s={search_term_string}"},"query-input":{"@type":"PropertyValueSpecification","valueRequired":true,"valueName":"search_term_string"}}],"inLanguage":"pl-PL"},{"@type":"Organization","@id":"https:\/\/e-dk.eu\/#organization","name":"E-DK Daniel Ko\u0142odziejczak","url":"https:\/\/e-dk.eu\/","logo":{"@type":"ImageObject","inLanguage":"pl-PL","@id":"https:\/\/e-dk.eu\/#\/schema\/logo\/image\/","url":"https:\/\/e-dk.eu\/wp-content\/uploads\/2024\/07\/LOGO-E-DK.svg","contentUrl":"https:\/\/e-dk.eu\/wp-content\/uploads\/2024\/07\/LOGO-E-DK.svg","width":210,"height":50,"caption":"E-DK Daniel Ko\u0142odziejczak"},"image":{"@id":"https:\/\/e-dk.eu\/#\/schema\/logo\/image\/"},"sameAs":["https:\/\/www.facebook.com\/Dobryelektryknet"]}]}},"_links":{"self":[{"href":"https:\/\/e-dk.eu\/index.php?rest_route=\/wp\/v2\/pages\/86","targetHints":{"allow":["GET"]}}],"collection":[{"href":"https:\/\/e-dk.eu\/index.php?rest_route=\/wp\/v2\/pages"}],"about":[{"href":"https:\/\/e-dk.eu\/index.php?rest_route=\/wp\/v2\/types\/page"}],"author":[{"embeddable":true,"href":"https:\/\/e-dk.eu\/index.php?rest_route=\/wp\/v2\/users\/1"}],"replies":[{"embeddable":true,"href":"https:\/\/e-dk.eu\/index.php?rest_route=%2Fwp%2Fv2%2Fcomments&post=86"}],"version-history":[{"count":141,"href":"https:\/\/e-dk.eu\/index.php?rest_route=\/wp\/v2\/pages\/86\/revisions"}],"predecessor-version":[{"id":2820,"href":"https:\/\/e-dk.eu\/index.php?rest_route=\/wp\/v2\/pages\/86\/revisions\/2820"}],"wp:attachment":[{"href":"https:\/\/e-dk.eu\/index.php?rest_route=%2Fwp%2Fv2%2Fmedia&parent=86"}],"curies":[{"name":"wp","href":"https:\/\/api.w.org\/{rel}","templated":true}]}}